{"id":25,"date":"2026-04-13T10:54:04","date_gmt":"2026-04-13T07:54:04","guid":{"rendered":"https:\/\/mahmutbilisim.com.tr\/?page_id=25"},"modified":"2026-04-13T11:50:48","modified_gmt":"2026-04-13T08:50:48","slug":"kitaplarim","status":"publish","type":"page","link":"https:\/\/mahmutbilisim.com.tr\/?page_id=25","title":{"rendered":"Kitaplar\u0131m"},"content":{"rendered":"\n<div class=\"wp-block-columns is-layout-flex wp-container-core-columns-is-layout-9d6595d7 wp-block-columns-is-layout-flex\">\n<div class=\"wp-block-column is-layout-flow wp-block-column-is-layout-flow\">\n<div class=\"wp-block-media-text has-media-on-the-right is-stacked-on-mobile is-vertically-aligned-top has-background\" style=\"background-color:#eefc008c\"><div class=\"wp-block-media-text__content\">\n<h2 class=\"wp-block-heading\"><strong>Benim Hayalim Benim Masal\u0131m<\/strong><\/h2>\n\n\n\n<p>\u00c7ocuklu\u011fumuzdan kalan masals\u0131 tad\u0131, bug\u00fcn\u00fcn \u00e7ocuklar\u0131 da ya\u015fas\u0131n diye yola \u00e7\u0131kan G\u00f6khan Ayaz; \u00e7ocuklar\u0131 kimi zaman Nasrettin Hoca ile tan\u0131\u015fmaya, kimi zaman ormanda bir se\u00e7ime, davet ediyor. Kimi zaman ise her \u015feyden s\u0131k\u0131l\u0131p bir do\u011fa ile ba\u015f ba\u015fa ya\u015famak isteyen padi\u015fah\u0131n pe\u015fine tak\u0131yor.<\/p>\n\n\n\n<p>\u0130yilerin kazand\u0131\u011f\u0131, rekabetin dost\u00e7a ya\u015fand\u0131\u011f\u0131, hak edene hakk\u0131n\u0131n teslim edildi\u011fi birbirinden s\u0131cak hik\u00e2yelerin sonunda, bir de \u00e7ocuklara b\u0131rak\u0131yor s\u00f6z\u00fc.<\/p>\n\n\n\n<p>Daha ne olsun!<\/p>\n\n\n\n<h2 class=\"wp-block-heading\">Detaylar<\/h2>\n\n\n\n<hr class=\"wp-block-separator has-alpha-channel-opacity\"\/>\n\n\n\n<figure class=\"wp-block-image size-full is-resized\"><img loading=\"lazy\" decoding=\"async\" width=\"379\" height=\"374\" src=\"https:\/\/mahmutbilisim.com.tr\/wp-content\/uploads\/2026\/04\/11.png\" alt=\"\" class=\"wp-image-97\" style=\"aspect-ratio:1.0133740238757742;width:267px;height:auto\" srcset=\"https:\/\/mahmutbilisim.com.tr\/wp-content\/uploads\/2026\/04\/11.png 379w, https:\/\/mahmutbilisim.com.tr\/wp-content\/uploads\/2026\/04\/11-300x296.png 300w\" sizes=\"auto, (max-width: 379px) 100vw, 379px\" \/><\/figure>\n\n\n\n<figure class=\"wp-block-image size-full\"><img loading=\"lazy\" decoding=\"async\" width=\"287\" height=\"35\" src=\"https:\/\/mahmutbilisim.com.tr\/wp-content\/uploads\/2026\/04\/Ekran-Alintisi-1.png\" alt=\"\" class=\"wp-image-100\"\/><\/figure>\n<\/div><figure class=\"wp-block-media-text__media\"><img loading=\"lazy\" decoding=\"async\" width=\"720\" height=\"1024\" src=\"https:\/\/mahmutbilisim.com.tr\/wp-content\/uploads\/2026\/04\/f82675cc-7322-4082-a698-3dc0a596bd10-1-720x1024-4.jpg\" alt=\"\" class=\"wp-image-94 size-full\" srcset=\"https:\/\/mahmutbilisim.com.tr\/wp-content\/uploads\/2026\/04\/f82675cc-7322-4082-a698-3dc0a596bd10-1-720x1024-4.jpg 720w, https:\/\/mahmutbilisim.com.tr\/wp-content\/uploads\/2026\/04\/f82675cc-7322-4082-a698-3dc0a596bd10-1-720x1024-4-211x300.jpg 211w\" sizes=\"auto, (max-width: 720px) 100vw, 720px\" \/><\/figure><\/div>\n<\/div>\n<\/div>\n\n\n\n<div class=\"wp-block-media-text has-media-on-the-right is-stacked-on-mobile is-vertically-aligned-top has-light-green-cyan-background-color has-background\" style=\"grid-template-columns:auto 49%\"><div class=\"wp-block-media-text__content\">\n<h2 class=\"wp-block-heading\"><strong>Bendeki \u0130zler<\/strong><\/h2>\n\n\n\n<p>O ya\u015flarda \u00e7obanl\u0131k yapmaya \u00e7al\u0131\u015f\u0131rken beni en duyguland\u0131ran \u015fey k\u00f6yden gelen kom\u015fumuzun annemin g\u00f6nderdi\u011fi po\u015feti bana vermesiydi. O ya\u015flar dedi\u011fim \u015fey ya alt\u0131 ya yedidir. \u0130\u00e7inden tatl\u0131, bisk\u00fcvi \u00e7\u0131kmayaca\u011f\u0131n\u0131 bilsem de annemin bana bir \u015fey g\u00f6ndermesi beni fazlas\u0131yla mutlu etmeye yetmi\u015fti. Po\u015fette yan\u0131lm\u0131yorsam d\u00f6rt tane armut vard\u0131. Annem g\u00fcne\u015fte bunald\u0131\u011f\u0131mda yerim diye g\u00f6ndermi\u015f. \u015eimdilerde bak\u0131yorum da en l\u00fcks elbiseler, ayakkab\u0131lar, telefonlar yine de mutlu etmeye yetmiyor biz insanlar\u0131!<\/p>\n\n\n\n<h2 class=\"wp-block-heading\">Detaylar<\/h2>\n\n\n\n<hr class=\"wp-block-separator has-alpha-channel-opacity\"\/>\n\n\n\n<figure class=\"wp-block-image size-full is-resized\"><img loading=\"lazy\" decoding=\"async\" width=\"379\" height=\"374\" src=\"https:\/\/mahmutbilisim.com.tr\/wp-content\/uploads\/2026\/04\/11.png\" alt=\"\" class=\"wp-image-97\" style=\"aspect-ratio:1.0133740238757742;width:267px;height:auto\" srcset=\"https:\/\/mahmutbilisim.com.tr\/wp-content\/uploads\/2026\/04\/11.png 379w, https:\/\/mahmutbilisim.com.tr\/wp-content\/uploads\/2026\/04\/11-300x296.png 300w\" sizes=\"auto, (max-width: 379px) 100vw, 379px\" \/><\/figure>\n\n\n\n<figure class=\"wp-block-image size-full\"><img loading=\"lazy\" decoding=\"async\" width=\"287\" height=\"35\" src=\"https:\/\/mahmutbilisim.com.tr\/wp-content\/uploads\/2026\/04\/Ekran-Alintisi-1.png\" alt=\"\" class=\"wp-image-100\"\/><\/figure>\n<\/div><figure class=\"wp-block-media-text__media\"><img loading=\"lazy\" decoding=\"async\" width=\"665\" height=\"1024\" src=\"https:\/\/mahmutbilisim.com.tr\/wp-content\/uploads\/2026\/04\/f4effb55-2323-4b66-a40b-29809ed789a7-1-665x1024-3.jpg\" alt=\"\" class=\"wp-image-103 size-full\" srcset=\"https:\/\/mahmutbilisim.com.tr\/wp-content\/uploads\/2026\/04\/f4effb55-2323-4b66-a40b-29809ed789a7-1-665x1024-3.jpg 665w, https:\/\/mahmutbilisim.com.tr\/wp-content\/uploads\/2026\/04\/f4effb55-2323-4b66-a40b-29809ed789a7-1-665x1024-3-195x300.jpg 195w\" sizes=\"auto, (max-width: 665px) 100vw, 665px\" \/><\/figure><\/div>\n\n\n\n<p><\/p>\n","protected":false},"excerpt":{"rendered":"<p>Benim Hayalim Benim Masal\u0131m \u00c7ocuklu\u011fumuzdan kalan masals\u0131 tad\u0131, bug\u00fcn\u00fcn \u00e7ocuklar\u0131 da ya\u015fas\u0131n diye yola \u00e7\u0131kan G\u00f6khan Ayaz; \u00e7ocuklar\u0131 kimi zaman Nasrettin Hoca ile tan\u0131\u015fmaya, kimi zaman ormanda bir se\u00e7ime, davet ediyor. Kimi zaman ise her \u015feyden s\u0131k\u0131l\u0131p bir do\u011fa ile ba\u015f ba\u015fa ya\u015famak isteyen padi\u015fah\u0131n pe\u015fine tak\u0131yor. \u0130yilerin kazand\u0131\u011f\u0131, rekabetin dost\u00e7a ya\u015fand\u0131\u011f\u0131, hak edene hakk\u0131n\u0131n [&hellip;]<\/p>\n","protected":false},"author":1,"featured_media":0,"parent":0,"menu_order":0,"comment_status":"closed","ping_status":"closed","template":"","meta":{"footnotes":""},"class_list":["post-25","page","type-page","status-publish","hentry"],"_links":{"self":[{"href":"https:\/\/mahmutbilisim.com.tr\/index.php?rest_route=\/wp\/v2\/pages\/25","targetHints":{"allow":["GET"]}}],"collection":[{"href":"https:\/\/mahmutbilisim.com.tr\/index.php?rest_route=\/wp\/v2\/pages"}],"about":[{"href":"https:\/\/mahmutbilisim.com.tr\/index.php?rest_route=\/wp\/v2\/types\/page"}],"author":[{"embeddable":true,"href":"https:\/\/mahmutbilisim.com.tr\/index.php?rest_route=\/wp\/v2\/users\/1"}],"replies":[{"embeddable":true,"href":"https:\/\/mahmutbilisim.com.tr\/index.php?rest_route=%2Fwp%2Fv2%2Fcomments&post=25"}],"version-history":[{"count":6,"href":"https:\/\/mahmutbilisim.com.tr\/index.php?rest_route=\/wp\/v2\/pages\/25\/revisions"}],"predecessor-version":[{"id":104,"href":"https:\/\/mahmutbilisim.com.tr\/index.php?rest_route=\/wp\/v2\/pages\/25\/revisions\/104"}],"wp:attachment":[{"href":"https:\/\/mahmutbilisim.com.tr\/index.php?rest_route=%2Fwp%2Fv2%2Fmedia&parent=25"}],"curies":[{"name":"wp","href":"https:\/\/api.w.org\/{rel}","templated":true}]}}